{"id":14242,"date":"2024-04-19T09:47:12","date_gmt":"2024-04-19T16:47:12","guid":{"rendered":"https:\/\/elixirmedical.com\/find-a-doctor\/"},"modified":"2026-03-02T08:54:13","modified_gmt":"2026-03-02T16:54:13","slug":"find-a-doctor","status":"publish","type":"page","link":"https:\/\/elixirmedical.com\/vi\/find-a-doctor\/","title":{"rendered":"Find a Doctor"},"content":{"rendered":"\t\t<div data-elementor-type=\"wp-page\" data-elementor-id=\"14242\" class=\"elementor elementor-14242 elementor-12973\" data-elementor-settings=\"{&quot;ha_cmc_init_switcher&quot;:&quot;no&quot;}\" data-elementor-post-type=\"page\">\n\t\t\t\t\t\t<section class=\"elementor-section elementor-top-section elementor-element elementor-element-4534237 elementor-section-full_width elementor-section-height-min-height qodef-elementor-content-grid elementor-hidden-mobile elementor-section-height-default elementor-section-items-middle\" data-id=\"4534237\" data-element_type=\"section\" data-e-type=\"section\" data-settings=\"{&quot;background_background&quot;:&quot;classic&quot;}\">\n\t\t\t\t\t\t<div class=\"elementor-container elementor-column-gap-no\">\n\t\t\t\t\t<div class=\"elementor-column elementor-col-100 elementor-top-column elementor-element elementor-element-bf5da8c\" data-id=\"bf5da8c\" data-element_type=\"column\" data-e-type=\"column\">\n\t\t\t<div class=\"elementor-widget-wrap elementor-element-populated\">\n\t\t\t\t\t\t<div class=\"elementor-element elementor-element-0b21864 elementor-widget elementor-widget-image\" data-id=\"0b21864\" data-element_type=\"widget\" data-e-type=\"widget\" data-widget_type=\"image.default\">\n\t\t\t\t<div class=\"elementor-widget-container\">\n\t\t\t\t\t\t\t\t\t\t\t\t\t\t\t<img decoding=\"async\" width=\"280\" height=\"130\" src=\"https:\/\/elixirmedical.com\/wp-content\/uploads\/2024\/03\/logo-dynamx.svg\" class=\"attachment-large size-large wp-image-12895\" alt=\"\" \/>\t\t\t\t\t\t\t\t\t\t\t\t\t\t\t<\/div>\n\t\t\t\t<\/div>\n\t\t\t\t<div class=\"elementor-element elementor-element-d981f3f elementor-widget elementor-widget-heading\" data-id=\"d981f3f\" data-element_type=\"widget\" data-e-type=\"widget\" data-widget_type=\"heading.default\">\n\t\t\t\t<div class=\"elementor-widget-container\">\n\t\t\t\t\t<h2 class=\"elementor-heading-title elementor-size-default\">T\u00ecm Ki\u1ebfm B\u00e1c S\u0129 Th\u1ef1c Hi\u1ec7n <\/h2>\t\t\t\t<\/div>\n\t\t\t\t<\/div>\n\t\t\t\t<div class=\"elementor-element elementor-element-87f8929 elementor-widget elementor-widget-heading\" data-id=\"87f8929\" data-element_type=\"widget\" data-e-type=\"widget\" data-widget_type=\"heading.default\">\n\t\t\t\t<div class=\"elementor-widget-container\">\n\t\t\t\t\t<h2 class=\"elementor-heading-title elementor-size-default\">Nong M\u1ea1ch Th\u00edch Nghi Sinh H\u1ecdc<\/h2>\t\t\t\t<\/div>\n\t\t\t\t<\/div>\n\t\t\t\t\t<\/div>\n\t\t<\/div>\n\t\t\t\t\t<\/div>\n\t\t<\/section>\n\t\t\t\t<section class=\"elementor-section elementor-top-section elementor-element elementor-element-512aa3b elementor-section-full_width elementor-section-height-min-height qodef-elementor-content-grid elementor-hidden-desktop elementor-hidden-tablet elementor-section-height-default elementor-section-items-middle\" data-id=\"512aa3b\" data-element_type=\"section\" data-e-type=\"section\" data-settings=\"{&quot;background_background&quot;:&quot;classic&quot;}\">\n\t\t\t\t\t\t<div class=\"elementor-container elementor-column-gap-no\">\n\t\t\t\t\t<div class=\"elementor-column elementor-col-100 elementor-top-column elementor-element elementor-element-a22de41\" data-id=\"a22de41\" data-element_type=\"column\" data-e-type=\"column\">\n\t\t\t<div class=\"elementor-widget-wrap elementor-element-populated\">\n\t\t\t\t\t\t<div class=\"elementor-element elementor-element-c7a72ad elementor-widget elementor-widget-image\" data-id=\"c7a72ad\" data-element_type=\"widget\" data-e-type=\"widget\" data-widget_type=\"image.default\">\n\t\t\t\t<div class=\"elementor-widget-container\">\n\t\t\t\t\t\t\t\t\t\t\t\t\t\t\t<img decoding=\"async\" width=\"280\" height=\"130\" src=\"https:\/\/elixirmedical.com\/wp-content\/uploads\/2024\/03\/logo-dynamx.svg\" class=\"attachment-large size-large wp-image-12895\" alt=\"\" \/>\t\t\t\t\t\t\t\t\t\t\t\t\t\t\t<\/div>\n\t\t\t\t<\/div>\n\t\t\t\t<div class=\"elementor-element elementor-element-264bfa8 elementor-widget elementor-widget-heading\" data-id=\"264bfa8\" data-element_type=\"widget\" data-e-type=\"widget\" data-widget_type=\"heading.default\">\n\t\t\t\t<div class=\"elementor-widget-container\">\n\t\t\t\t\t<h2 class=\"elementor-heading-title elementor-size-default\">T\u00ecm Ki\u1ebfm B\u00e1c S\u0129 Th\u1ef1c Hi\u1ec7n <\/h2>\t\t\t\t<\/div>\n\t\t\t\t<\/div>\n\t\t\t\t<div class=\"elementor-element elementor-element-efc0c21 elementor-widget elementor-widget-heading\" data-id=\"efc0c21\" data-element_type=\"widget\" data-e-type=\"widget\" data-widget_type=\"heading.default\">\n\t\t\t\t<div class=\"elementor-widget-container\">\n\t\t\t\t\t<h2 class=\"elementor-heading-title elementor-size-default\">Nong M\u1ea1ch Th\u00edch Nghi Sinh H\u1ecdc<\/h2>\t\t\t\t<\/div>\n\t\t\t\t<\/div>\n\t\t\t\t\t<\/div>\n\t\t<\/div>\n\t\t\t\t\t<\/div>\n\t\t<\/section>\n\t\t\t\t<section class=\"elementor-section elementor-top-section elementor-element elementor-element-d96b253 elementor-section-boxed elementor-section-height-default elementor-section-height-default\" data-id=\"d96b253\" data-element_type=\"section\" data-e-type=\"section\">\n\t\t\t\t\t\t<div class=\"elementor-container elementor-column-gap-default\">\n\t\t\t\t\t<div class=\"elementor-column elementor-col-100 elementor-top-column elementor-element elementor-element-4b8a8b5\" data-id=\"4b8a8b5\" data-element_type=\"column\" data-e-type=\"column\">\n\t\t\t<div class=\"elementor-widget-wrap elementor-element-populated\">\n\t\t\t\t\t\t<div class=\"elementor-element elementor-element-3d881d9 elementor-widget__width-inherit elementor-widget elementor-widget-shortcode\" data-id=\"3d881d9\" data-element_type=\"widget\" data-e-type=\"widget\" data-widget_type=\"shortcode.default\">\n\t\t\t\t<div class=\"elementor-widget-container\">\n\t\t\t\t\t\t\t<div class=\"elementor-shortcode\">    <div id=\"locationFinder\" class=\"wpfm\">\n        <div class=\"wpfm__search-intro\">\n            <div class=\"wpfm__search\">\n                <div class=\"wpfm__search-group\">\n                    <input type=\"text\" id=\"locationSearch\" placeholder=\"Search by location\">\n                    <button id=\"searchButton\">\n                        <svg width=\"28\" height=\"28\" viewBox=\"0 0 28 28\" fill=\"none\" xmlns=\"http:\/\/www.w3.org\/2000\/svg\">\n                            <path d=\"M22.75 11.375C22.75 13.8852 21.9352 16.2039 20.5625 18.0852L27.4859 25.0141C28.1695 25.6977 28.1695 26.8078 27.4859 27.4914C26.8023 28.175 25.6922 28.175 25.0086 27.4914L18.0852 20.5625C16.2039 21.9406 13.8852 22.75 11.375 22.75C5.09141 22.75 0 17.6586 0 11.375C0 5.09141 5.09141 0 11.375 0C17.6586 0 22.75 5.09141 22.75 11.375ZM11.375 19.25C12.4092 19.25 13.4332 19.0463 14.3886 18.6506C15.3441 18.2548 16.2122 17.6747 16.9435 16.9435C17.6747 16.2122 18.2548 15.3441 18.6506 14.3886C19.0463 13.4332 19.25 12.4092 19.25 11.375C19.25 10.3408 19.0463 9.31681 18.6506 8.36137C18.2548 7.40593 17.6747 6.5378 16.9435 5.80653C16.2122 5.07527 15.3441 4.4952 14.3886 4.09945C13.4332 3.70369 12.4092 3.5 11.375 3.5C10.3408 3.5 9.31681 3.70369 8.36137 4.09945C7.40593 4.4952 6.5378 5.07527 5.80653 5.80653C5.07527 6.5378 4.4952 7.40593 4.09945 8.36137C3.70369 9.31681 3.5 10.3408 3.5 11.375C3.5 12.4092 3.70369 13.4332 4.09945 14.3886C4.4952 15.3441 5.07527 16.2122 5.80653 16.9435C6.5378 17.6747 7.40593 18.2548 8.36137 18.6506C9.31681 19.0463 10.3408 19.25 11.375 19.25Z\" fill=\"#1D1D1E\" fill-opacity=\"0.4\" \/>\n                        <\/svg>\n                    <\/button>\n                <\/div>\n                <div class=\"wpfm__search-actions\">\n                    <button id=\"filter-sort\" class=\"btn btn-wpfm btn-filter-sort\">\n                        <figure>\n                            <span><\/span>\n                            <span><\/span>\n                            <span><\/span>\n                        <\/figure>\n                        L\u1ecdc & Ph\u00e2n Lo\u1ea1i                    <\/button>\n                    <div class=\"wpfm__search-dropdown\">\n                        <div class=\"wpfm__search-sort\">\n                        <legend>S\u1eafp x\u1ebfp theo:<\/legend>\n                        <div class=\"radio-group\">\n                                <input type=\"radio\" id=\"sort_premier\" name=\"sort_option\" value=\"premier\" checked>\n                                <label for=\"sort_premier\">Trung T\u00e2m Th\u1ef1c Hi\u1ec7n C\u1ea5y Gh\u00e9p B\u1ed9 \u0110i\u1ec1u H\u1ee3p Sinh H\u1ecdc \u01afu Ti\u00ean<\/label>\n                            <\/div>\n                            <div class=\"radio-group\">\n                                <input type=\"radio\" id=\"sort_nearest\" name=\"sort_option\" value=\"nearest\">\n                                <label for=\"sort_nearest\">Trung t\u00e2m g\u1ea7n v\u1ecb tr\u00ed t\u00ecm ki\u1ebfm nh\u1ea5t<\/label>\n                            <\/div>\n                        <\/div>\n                        <div class=\"wpfm__search-filter\">\n                            <legend>L\u1ecdc theo:<\/legend>\n                            <div class=\"radio-group\">\n                                <input type=\"radio\" id=\"filter_country\" name=\"filter_option\" value=\"country\" checked>\n                                <label for=\"filter_country\">Ch\u1ec9 t\u00ecm ki\u1ebfm trong qu\u1ed1c gia<\/label>\n                            <\/div>\n                            <div class=\"radio-group\">\n                                <input type=\"radio\" id=\"filter_radius\" name=\"filter_option\" value=\"radius\">\n                                <label for=\"filter_radius\">T\u00ecm ki\u1ebfm trong b\u00e1n k\u00ednh 500km<\/label>\n                            <\/div>\n                        <\/div>\n                        <div class=\"wpfm__search-dropdown-actions\">\n                            <button id=\"filter-cancel\" class=\"btn btn-wpfm\">\n                                H\u1ee7y                            <\/button>\n                            <button id=\"filter-apply\" disabled class=\"btn btn-wpfm btn-wpfm-orange\">\n                                \u00c1p D\u1ee5ng                            <\/button>\n                        <\/div>\n                    <\/div>\n                <\/div>\n            <\/div>\n            <div class=\"wpfm__designation\">\n                <figure class=\"wpfm__designation-icon\">\n                    <svg width=\"45\" height=\"45\" viewBox=\"0 0 45 45\" fill=\"none\" xmlns=\"http:\/\/www.w3.org\/2000\/svg\">\n                        <g clip-path=\"url(#clip0_2042_45)\">\n                            <path d=\"M22.5 45C34.9264 45 45 34.9264 45 22.5C45 10.0736 34.9264 0 22.5 0C10.0736 0 0 10.0736 0 22.5C0 34.9264 10.0736 45 22.5 45Z\" fill=\"#FA3F1E\" \/>\n                            <path d=\"M33.18 11.535V11.49L33.135 11.505C31.98 10.545 30.51 9.97501 28.905 9.97501C25.995 9.97501 23.505 12.135 22.635 13.485C21.735 12.135 19.065 9.97501 16.215 9.97501C14.61 9.97501 13.14 10.53 11.97 11.445L11.865 11.4L11.88 11.49C10.395 12.72 9.44995 14.535 9.44995 16.575V16.92V16.935C9.70495 21.66 13.2 26.325 16.065 29.4C19.17 32.715 22.245 34.965 22.275 34.98C22.32 35.025 22.395 35.04 22.455 35.04C22.515 35.04 22.575 35.025 22.62 34.995C22.65 34.98 25.575 33.075 28.59 29.97C29.31 29.235 29.955 28.515 30.525 27.81H30.54C34.065 23.52 35.175 19.845 35.46 17.37C35.46 17.295 35.475 17.205 35.49 17.13C35.505 16.98 35.535 16.815 35.535 16.65C35.55 14.58 34.62 12.75 33.18 11.535ZM34.755 15.135L32.625 16.125L33.09 12.255C33.885 13.035 34.485 14.025 34.755 15.135ZM21.45 14.325L17.685 15.24L18.885 13.71L21.45 14.325ZM22.725 14.64L28.035 15.915L28.005 20.64L25.32 24.57L22.635 27.18L19.92 24.57L17.325 20.58L17.25 15.96L22.725 14.64ZM26.385 13.74L27.54 15.165L24 14.325L26.385 13.74ZM16.65 16.11L16.71 19.95L13.65 16.845L16.65 16.11ZM17.025 21.225L19.005 24.255L15.765 23.145L17.025 21.225ZM20.175 25.665L22.17 27.57L20.985 28.44L20.175 25.665ZM22.605 27.99L22.635 28.02L22.665 27.99L23.94 28.86L22.47 33.555L21.165 29.07L22.605 27.99ZM23.115 27.555L24.915 25.815L24.15 28.26L23.115 27.555ZM28.29 21.255L29.55 23.13L26.28 24.195L28.29 21.255ZM28.635 16.05L31.68 16.785L28.605 19.965L28.635 16.05ZM32.01 16.245L28.485 15.405L27.03 13.59L32.475 12.27L32.01 16.245ZM16.74 15.465L13.305 16.305L12.615 12.195L18.24 13.545L16.74 15.465ZM13.125 17.16L16.635 20.715L15.195 22.905L11.22 20.58L13.125 17.16ZM14.985 23.46L14.805 27.015C13.35 25.245 12.03 23.265 11.145 21.21L14.985 23.46ZM15.57 23.715L19.365 25.02L20.37 28.5L15.39 27.375L15.57 23.715ZM21.975 33.99C21.315 33.465 20.22 32.58 18.96 31.41L20.685 29.55L21.975 33.99ZM24.42 29.34L26.16 31.455C24.81 32.655 23.64 33.54 22.95 34.035L24.42 29.34ZM25.785 25.005L29.745 23.7L29.925 27.315L24.735 28.35L25.785 25.005ZM30.12 22.89L28.68 20.76L32.19 17.13L33.945 20.55L30.12 22.89ZM32.385 11.67L26.895 13.005L27.825 10.665C28.17 10.59 28.53 10.56 28.905 10.56C30.195 10.56 31.395 10.98 32.385 11.67ZM27.105 10.86L26.175 13.185L23.04 13.95C23.55 13.08 25.095 11.505 27.105 10.86ZM22.2 13.89L19.035 13.125L18.045 10.86C20.04 11.505 21.69 13.035 22.2 13.89ZM16.215 10.56C16.59 10.56 16.95 10.605 17.31 10.665L18.3 12.945L12.735 11.61C13.725 10.95 14.925 10.56 16.215 10.56ZM12 12.195L12.66 16.17L10.23 15.105C10.53 13.98 11.16 12.975 12 12.195ZM10.05 16.575C10.05 16.29 10.065 16.005 10.11 15.72L12.615 16.815L10.725 20.19C10.35 19.11 10.11 18.015 10.035 16.92V16.575H10.05ZM15.675 28.05L20.295 29.1L18.525 31.005C17.61 30.135 16.635 29.13 15.675 28.05ZM26.61 31.05L24.885 28.935L29.595 27.99C28.59 29.145 27.555 30.18 26.61 31.05ZM30.33 23.46L33.81 21.33C32.985 23.355 31.8 25.23 30.495 26.88L30.33 23.46ZM34.905 17.04C34.89 17.13 34.875 17.22 34.875 17.295C34.77 18.195 34.575 19.08 34.305 19.95L32.67 16.77L34.875 15.75C34.92 16.035 34.935 16.335 34.935 16.635C34.95 16.755 34.92 16.89 34.905 17.04Z\" fill=\"white\" \/>\n                        <\/g>\n                        <defs>\n                            <clipPath id=\"clip0_2042_45\">\n                                <rect width=\"45\" height=\"45\" fill=\"white\" \/>\n                            <\/clipPath>\n                        <\/defs>\n                    <\/svg>\n                <\/figure>\n                <p>Trung T\u00e2m Th\u1ef1c Hi\u1ec7n C\u1ea5y Gh\u00e9p B\u1ed9 \u0110i\u1ec1u H\u1ee3p Sinh H\u1ecdc \u01afu Ti\u00ean<\/p>\n            <\/div>\n        <\/div>\n        <aside class=\"wpfm__banner\">\n            Kh\u00f4ng t\u00ecm th\u1ea5y trung t\u00e2m n\u00e0o \u1edf v\u1ecb tr\u00ed n\u00e0y, h\u00e3y ki\u1ec3m tra l\u1ea1i sau.        <\/aside>\n        <div id=\"locationsContainer\" class=\"wpfm__card-wrapper\">\n        <\/div>\n        <button id=\"loadMoreBtn\" class=\"btn btn-wpfm btn-load-more\">T\u1ea3i Th\u00eam<\/button>\n    <\/div>\n<\/div>\n\t\t\t\t\t\t<\/div>\n\t\t\t\t<\/div>\n\t\t\t\t\t<\/div>\n\t\t<\/div>\n\t\t\t\t\t<\/div>\n\t\t<\/section>\n\t\t\t\t<section class=\"elementor-section elementor-top-section elementor-element elementor-element-cd4fb18 elementor-section-boxed elementor-section-height-default elementor-section-height-default\" data-id=\"cd4fb18\" data-element_type=\"section\" data-e-type=\"section\">\n\t\t\t\t\t\t<div class=\"elementor-container elementor-column-gap-default\">\n\t\t\t\t\t<div class=\"elementor-column elementor-col-100 elementor-top-column elementor-element elementor-element-683a194\" data-id=\"683a194\" data-element_type=\"column\" data-e-type=\"column\">\n\t\t\t<div class=\"elementor-widget-wrap elementor-element-populated\">\n\t\t\t\t\t\t<div class=\"elementor-element elementor-element-07a4754 elementor-widget elementor-widget-text-editor\" data-id=\"07a4754\" data-element_type=\"widget\" data-e-type=\"widget\" data-widget_type=\"text-editor.default\">\n\t\t\t\t<div class=\"elementor-widget-container\">\n\t\t\t\t\t\t\t\t\t<h5>Ch\u1ec9 \u0111\u1ecbnh theo m\u1ee9c \u0111\u1ed9 \u01b0u ti\u00ean d\u1ef1a tr\u00ean s\u1ed1 l\u01b0\u1ee3ng b\u1ec7nh nh\u00e2n \u0111\u01b0\u1ee3c \u0111i\u1ec1u tr\u1ecb.<\/h5>\nPMN 1826 Rev A\t\t\t\t\t\t\t\t<\/div>\n\t\t\t\t<\/div>\n\t\t\t\t\t<\/div>\n\t\t<\/div>\n\t\t\t\t\t<\/div>\n\t\t<\/section>\n\t\t\t\t<\/div>\n\t\t","protected":false},"excerpt":{"rendered":"<p>T\u00ecm Ki\u1ebfm B\u00e1c S\u0129 Th\u1ef1c Hi\u1ec7n Nong M\u1ea1ch Th\u00edch Nghi Sinh H\u1ecdc T\u00ecm Ki\u1ebfm B\u00e1c S\u0129 Th\u1ef1c Hi\u1ec7n Nong M\u1ea1ch Th\u00edch Nghi Sinh H\u1ecdc Ch\u1ec9 \u0111\u1ecbnh theo m\u1ee9c \u0111\u1ed9 \u01b0u ti\u00ean d\u1ef1a tr\u00ean s\u1ed1 l\u01b0\u1ee3ng b\u1ec7nh nh\u00e2n \u0111\u01b0\u1ee3c \u0111i\u1ec1u tr\u1ecb. PMN 1826 Rev A<\/p>\n","protected":false},"author":5,"featured_media":0,"parent":0,"menu_order":0,"comment_status":"closed","ping_status":"closed","template":"","meta":{"footnotes":""},"class_list":["post-14242","page","type-page","status-publish","hentry"],"yoast_head":"<!-- This site is optimized with the Yoast SEO plugin v27.4 - https:\/\/yoast.com\/product\/yoast-seo-wordpress\/ -->\n<title>T\u00ecm Ki\u1ebfm B\u00e1c S\u0129 Th\u1ef1c - Elixir Medical<\/title>\n<meta name=\"description\" content=\"T\u00ecm ki\u1ebfm b\u00e1c s\u0129 th\u1ef1c hi\u1ec7nnong m\u1ea1ch th\u00edch nghi sinh h\u1ecdc. Ch\u1ec9 \u0111\u1ecbnh theo m\u1ee9c \u0111\u1ed9 \u01b0u ti\u00ean d\u1ef1a tr\u00ean s\u1ed1 l\u01b0\u1ee3ng b\u1ec7nh nh\u00e2n \u0111\u01b0\u1ee3c \u0111i\u1ec1u tr\u1ecb.\" \/>\n<meta name=\"robots\" content=\"index, follow, max-snippet:-1, max-image-preview:large, max-video-preview:-1\" \/>\n<link rel=\"canonical\" href=\"https:\/\/elixirmedical.com\/vi\/find-a-doctor\/\" \/>\n<meta property=\"og:locale\" content=\"vi_VN\" \/>\n<meta property=\"og:type\" content=\"article\" \/>\n<meta property=\"og:title\" content=\"T\u00ecm Ki\u1ebfm B\u00e1c S\u0129 Th\u1ef1c - Elixir Medical\" \/>\n<meta property=\"og:description\" content=\"T\u00ecm ki\u1ebfm b\u00e1c s\u0129 th\u1ef1c hi\u1ec7nnong m\u1ea1ch th\u00edch nghi sinh h\u1ecdc. Ch\u1ec9 \u0111\u1ecbnh theo m\u1ee9c \u0111\u1ed9 \u01b0u ti\u00ean d\u1ef1a tr\u00ean s\u1ed1 l\u01b0\u1ee3ng b\u1ec7nh nh\u00e2n \u0111\u01b0\u1ee3c \u0111i\u1ec1u tr\u1ecb.\" \/>\n<meta property=\"og:url\" content=\"https:\/\/elixirmedical.com\/vi\/find-a-doctor\/\" \/>\n<meta property=\"og:site_name\" content=\"Elixir Medical\" \/>\n<meta property=\"article:publisher\" content=\"https:\/\/www.facebook.com\/elixirmedicalinc\" \/>\n<meta property=\"article:modified_time\" content=\"2026-03-02T16:54:13+00:00\" \/>\n<meta property=\"og:image\" content=\"https:\/\/elixirmedical.com\/wp-content\/uploads\/2024\/03\/logo-dynamx.svg\" \/>\n<meta name=\"twitter:card\" content=\"summary_large_image\" \/>\n<meta name=\"twitter:label1\" content=\"Est. reading time\" \/>\n\t<meta name=\"twitter:data1\" content=\"1 minute\" \/>\n<script type=\"application\/ld+json\" class=\"yoast-schema-graph\">{\"@context\":\"https:\\\/\\\/schema.org\",\"@graph\":[{\"@type\":\"WebPage\",\"@id\":\"https:\\\/\\\/elixirmedical.com\\\/vi\\\/find-a-doctor\\\/\",\"url\":\"https:\\\/\\\/elixirmedical.com\\\/vi\\\/find-a-doctor\\\/\",\"name\":\"T\u00ecm Ki\u1ebfm B\u00e1c S\u0129 Th\u1ef1c - Elixir Medical\",\"isPartOf\":{\"@id\":\"https:\\\/\\\/elixirmedical.com\\\/vi\\\/#website\"},\"primaryImageOfPage\":{\"@id\":\"https:\\\/\\\/elixirmedical.com\\\/vi\\\/find-a-doctor\\\/#primaryimage\"},\"image\":{\"@id\":\"https:\\\/\\\/elixirmedical.com\\\/vi\\\/find-a-doctor\\\/#primaryimage\"},\"thumbnailUrl\":\"https:\\\/\\\/elixirmedical.com\\\/wp-content\\\/uploads\\\/2024\\\/03\\\/logo-dynamx.svg\",\"datePublished\":\"2024-04-19T16:47:12+00:00\",\"dateModified\":\"2026-03-02T16:54:13+00:00\",\"description\":\"T\u00ecm ki\u1ebfm b\u00e1c s\u0129 th\u1ef1c hi\u1ec7nnong m\u1ea1ch th\u00edch nghi sinh h\u1ecdc. Ch\u1ec9 \u0111\u1ecbnh theo m\u1ee9c \u0111\u1ed9 \u01b0u ti\u00ean d\u1ef1a tr\u00ean s\u1ed1 l\u01b0\u1ee3ng b\u1ec7nh nh\u00e2n \u0111\u01b0\u1ee3c \u0111i\u1ec1u tr\u1ecb.\",\"breadcrumb\":{\"@id\":\"https:\\\/\\\/elixirmedical.com\\\/vi\\\/find-a-doctor\\\/#breadcrumb\"},\"inLanguage\":\"vi-VN\",\"potentialAction\":[{\"@type\":\"ReadAction\",\"target\":[\"https:\\\/\\\/elixirmedical.com\\\/vi\\\/find-a-doctor\\\/\"]}]},{\"@type\":\"ImageObject\",\"inLanguage\":\"vi-VN\",\"@id\":\"https:\\\/\\\/elixirmedical.com\\\/vi\\\/find-a-doctor\\\/#primaryimage\",\"url\":\"https:\\\/\\\/elixirmedical.com\\\/wp-content\\\/uploads\\\/2024\\\/03\\\/logo-dynamx.svg\",\"contentUrl\":\"https:\\\/\\\/elixirmedical.com\\\/wp-content\\\/uploads\\\/2024\\\/03\\\/logo-dynamx.svg\"},{\"@type\":\"BreadcrumbList\",\"@id\":\"https:\\\/\\\/elixirmedical.com\\\/vi\\\/find-a-doctor\\\/#breadcrumb\",\"itemListElement\":[{\"@type\":\"ListItem\",\"position\":1,\"name\":\"Home\",\"item\":\"https:\\\/\\\/elixirmedical.com\\\/vi\\\/\"},{\"@type\":\"ListItem\",\"position\":2,\"name\":\"Find a Doctor\"}]},{\"@type\":\"WebSite\",\"@id\":\"https:\\\/\\\/elixirmedical.com\\\/vi\\\/#website\",\"url\":\"https:\\\/\\\/elixirmedical.com\\\/vi\\\/\",\"name\":\"Elixir Medical\",\"description\":\"Transformation Unlocked\",\"publisher\":{\"@id\":\"https:\\\/\\\/elixirmedical.com\\\/vi\\\/#organization\"},\"potentialAction\":[{\"@type\":\"SearchAction\",\"target\":{\"@type\":\"EntryPoint\",\"urlTemplate\":\"https:\\\/\\\/elixirmedical.com\\\/vi\\\/?s={search_term_string}\"},\"query-input\":{\"@type\":\"PropertyValueSpecification\",\"valueRequired\":true,\"valueName\":\"search_term_string\"}}],\"inLanguage\":\"vi-VN\"},{\"@type\":\"Organization\",\"@id\":\"https:\\\/\\\/elixirmedical.com\\\/vi\\\/#organization\",\"name\":\"Elixir Medical\",\"url\":\"https:\\\/\\\/elixirmedical.com\\\/vi\\\/\",\"logo\":{\"@type\":\"ImageObject\",\"inLanguage\":\"vi-VN\",\"@id\":\"https:\\\/\\\/elixirmedical.com\\\/vi\\\/#\\\/schema\\\/logo\\\/image\\\/\",\"url\":\"https:\\\/\\\/elixirmedical.com\\\/wp-content\\\/uploads\\\/2023\\\/09\\\/New-Elixir-Logo.png\",\"contentUrl\":\"https:\\\/\\\/elixirmedical.com\\\/wp-content\\\/uploads\\\/2023\\\/09\\\/New-Elixir-Logo.png\",\"width\":5550,\"height\":1870,\"caption\":\"Elixir Medical\"},\"image\":{\"@id\":\"https:\\\/\\\/elixirmedical.com\\\/vi\\\/#\\\/schema\\\/logo\\\/image\\\/\"},\"sameAs\":[\"https:\\\/\\\/www.facebook.com\\\/elixirmedicalinc\"]}]}<\/script>\n<!-- \/ Yoast SEO plugin. -->","yoast_head_json":{"title":"T\u00ecm Ki\u1ebfm B\u00e1c S\u0129 Th\u1ef1c - Elixir Medical","description":"T\u00ecm ki\u1ebfm b\u00e1c s\u0129 th\u1ef1c hi\u1ec7nnong m\u1ea1ch th\u00edch nghi sinh h\u1ecdc. Ch\u1ec9 \u0111\u1ecbnh theo m\u1ee9c \u0111\u1ed9 \u01b0u ti\u00ean d\u1ef1a tr\u00ean s\u1ed1 l\u01b0\u1ee3ng b\u1ec7nh nh\u00e2n \u0111\u01b0\u1ee3c \u0111i\u1ec1u tr\u1ecb.","robots":{"index":"index","follow":"follow","max-snippet":"max-snippet:-1","max-image-preview":"max-image-preview:large","max-video-preview":"max-video-preview:-1"},"canonical":"https:\/\/elixirmedical.com\/vi\/find-a-doctor\/","og_locale":"vi_VN","og_type":"article","og_title":"T\u00ecm Ki\u1ebfm B\u00e1c S\u0129 Th\u1ef1c - Elixir Medical","og_description":"T\u00ecm ki\u1ebfm b\u00e1c s\u0129 th\u1ef1c hi\u1ec7nnong m\u1ea1ch th\u00edch nghi sinh h\u1ecdc. Ch\u1ec9 \u0111\u1ecbnh theo m\u1ee9c \u0111\u1ed9 \u01b0u ti\u00ean d\u1ef1a tr\u00ean s\u1ed1 l\u01b0\u1ee3ng b\u1ec7nh nh\u00e2n \u0111\u01b0\u1ee3c \u0111i\u1ec1u tr\u1ecb.","og_url":"https:\/\/elixirmedical.com\/vi\/find-a-doctor\/","og_site_name":"Elixir Medical","article_publisher":"https:\/\/www.facebook.com\/elixirmedicalinc","article_modified_time":"2026-03-02T16:54:13+00:00","og_image":[{"url":"https:\/\/elixirmedical.com\/wp-content\/uploads\/2024\/03\/logo-dynamx.svg","type":"","width":"","height":""}],"twitter_card":"summary_large_image","twitter_misc":{"Est. reading time":"1 minute"},"schema":{"@context":"https:\/\/schema.org","@graph":[{"@type":"WebPage","@id":"https:\/\/elixirmedical.com\/vi\/find-a-doctor\/","url":"https:\/\/elixirmedical.com\/vi\/find-a-doctor\/","name":"T\u00ecm Ki\u1ebfm B\u00e1c S\u0129 Th\u1ef1c - Elixir Medical","isPartOf":{"@id":"https:\/\/elixirmedical.com\/vi\/#website"},"primaryImageOfPage":{"@id":"https:\/\/elixirmedical.com\/vi\/find-a-doctor\/#primaryimage"},"image":{"@id":"https:\/\/elixirmedical.com\/vi\/find-a-doctor\/#primaryimage"},"thumbnailUrl":"https:\/\/elixirmedical.com\/wp-content\/uploads\/2024\/03\/logo-dynamx.svg","datePublished":"2024-04-19T16:47:12+00:00","dateModified":"2026-03-02T16:54:13+00:00","description":"T\u00ecm ki\u1ebfm b\u00e1c s\u0129 th\u1ef1c hi\u1ec7nnong m\u1ea1ch th\u00edch nghi sinh h\u1ecdc. Ch\u1ec9 \u0111\u1ecbnh theo m\u1ee9c \u0111\u1ed9 \u01b0u ti\u00ean d\u1ef1a tr\u00ean s\u1ed1 l\u01b0\u1ee3ng b\u1ec7nh nh\u00e2n \u0111\u01b0\u1ee3c \u0111i\u1ec1u tr\u1ecb.","breadcrumb":{"@id":"https:\/\/elixirmedical.com\/vi\/find-a-doctor\/#breadcrumb"},"inLanguage":"vi-VN","potentialAction":[{"@type":"ReadAction","target":["https:\/\/elixirmedical.com\/vi\/find-a-doctor\/"]}]},{"@type":"ImageObject","inLanguage":"vi-VN","@id":"https:\/\/elixirmedical.com\/vi\/find-a-doctor\/#primaryimage","url":"https:\/\/elixirmedical.com\/wp-content\/uploads\/2024\/03\/logo-dynamx.svg","contentUrl":"https:\/\/elixirmedical.com\/wp-content\/uploads\/2024\/03\/logo-dynamx.svg"},{"@type":"BreadcrumbList","@id":"https:\/\/elixirmedical.com\/vi\/find-a-doctor\/#breadcrumb","itemListElement":[{"@type":"ListItem","position":1,"name":"Home","item":"https:\/\/elixirmedical.com\/vi\/"},{"@type":"ListItem","position":2,"name":"Find a Doctor"}]},{"@type":"WebSite","@id":"https:\/\/elixirmedical.com\/vi\/#website","url":"https:\/\/elixirmedical.com\/vi\/","name":"Elixir Medical","description":"Transformation Unlocked","publisher":{"@id":"https:\/\/elixirmedical.com\/vi\/#organization"},"potentialAction":[{"@type":"SearchAction","target":{"@type":"EntryPoint","urlTemplate":"https:\/\/elixirmedical.com\/vi\/?s={search_term_string}"},"query-input":{"@type":"PropertyValueSpecification","valueRequired":true,"valueName":"search_term_string"}}],"inLanguage":"vi-VN"},{"@type":"Organization","@id":"https:\/\/elixirmedical.com\/vi\/#organization","name":"Elixir Medical","url":"https:\/\/elixirmedical.com\/vi\/","logo":{"@type":"ImageObject","inLanguage":"vi-VN","@id":"https:\/\/elixirmedical.com\/vi\/#\/schema\/logo\/image\/","url":"https:\/\/elixirmedical.com\/wp-content\/uploads\/2023\/09\/New-Elixir-Logo.png","contentUrl":"https:\/\/elixirmedical.com\/wp-content\/uploads\/2023\/09\/New-Elixir-Logo.png","width":5550,"height":1870,"caption":"Elixir Medical"},"image":{"@id":"https:\/\/elixirmedical.com\/vi\/#\/schema\/logo\/image\/"},"sameAs":["https:\/\/www.facebook.com\/elixirmedicalinc"]}]}},"acf":[],"featured_image_src":null,"featured_image_src_square":null,"_links":{"self":[{"href":"https:\/\/elixirmedical.com\/vi\/wp-json\/wp\/v2\/pages\/14242","targetHints":{"allow":["GET"]}}],"collection":[{"href":"https:\/\/elixirmedical.com\/vi\/wp-json\/wp\/v2\/pages"}],"about":[{"href":"https:\/\/elixirmedical.com\/vi\/wp-json\/wp\/v2\/types\/page"}],"author":[{"embeddable":true,"href":"https:\/\/elixirmedical.com\/vi\/wp-json\/wp\/v2\/users\/5"}],"replies":[{"embeddable":true,"href":"https:\/\/elixirmedical.com\/vi\/wp-json\/wp\/v2\/comments?post=14242"}],"version-history":[{"count":0,"href":"https:\/\/elixirmedical.com\/vi\/wp-json\/wp\/v2\/pages\/14242\/revisions"}],"wp:attachment":[{"href":"https:\/\/elixirmedical.com\/vi\/wp-json\/wp\/v2\/media?parent=14242"}],"curies":[{"name":"wp","href":"https:\/\/api.w.org\/{rel}","templated":true}]}}